{"id":8,"date":"2023-08-25T09:24:39","date_gmt":"2023-08-25T09:24:39","guid":{"rendered":"https:\/\/coach.brandan.ch\/?page_id=8"},"modified":"2026-03-26T06:45:07","modified_gmt":"2026-03-26T06:45:07","slug":"startseite","status":"publish","type":"page","link":"https:\/\/coach.brandan.ch\/","title":{"rendered":"startseite"},"content":{"rendered":"<h1 style=\"text-align: center;\"><img loading=\"lazy\" decoding=\"async\" class=\"alignleft\" src=\"https:\/\/brandan.ch\/wordpress\/wp-content\/uploads\/2024\/12\/fb_start_coach.png\" width=\"234\" height=\"166\" \/>Das heilerische Wissen im Kristall-Herz<\/h1>\n<p>&nbsp;<\/p>\n<h4 style=\"text-align: center;\">Lerne Deine St\u00e4rken kennen<\/h4>\n<p>&nbsp;<\/p>\n<p>&nbsp;<\/p>\n<p>Der Workshop hilft dabei, verschiedene Energiefl\u00fcsse zu reinigen und die eigene Wissensbibliothek im Kristall-Herz zu finden. Daraus kann ein tiefes Herzwissen \u00fcber Menschen und wie man sie unterst\u00fctzen kann im Alltag einfliessen.<\/p>\n<p>&nbsp;<\/p>\n<p>Das heilerische Wissen aus deiner eigenen Wissensbibliothek hilft dabei, mit sich selber in Frieden zu kommen. \u00dcber dieses Frieden l\u00f6sen sich Blockaden auf und neue Perspektiven \u00f6ffnen sich. Der Kontakt zu deiner eigenen Wissensbibliothek hilft Dir, deine eigene Kraft, St\u00e4rken und M\u00f6glichkeiten zu kennen um andere zu unterst\u00fctzen..<\/p>\n<p>&nbsp;<\/p>\n<p>Im Kristall-Herz findest Du auch eine Orientierung in unruhigen Zeiten, so dass innere Ruhe und Gelassenheit gestz\u00e4rkt werden. Im Alltag hilft es Dir, Andere schneller und tiefgr\u00fcndiger zu erkennen und einzusch\u00e4tzen. Sie helfen dabei, nicht ausgesprochenes wahrzunehmen und entsprechend zu handeln.\u00a0Das Kristall-Herz unterst\u00fctzt dabei, die Empathie zu vergr\u00f6ssern, so dass die F\u00e4higkeit andere Menschen oder Menschengruppen wahrzunehmen pr\u00e4gnanter werden kann.<\/p>\n<p>&nbsp;<\/p>\n<p>Er hilft dabei, unbewusste Blockaden festzustellen und unterst\u00fctzt, solche zu l\u00f6sen. Mit Hilfe Deiner Wissenbibliothek k\u00f6nnen individuelle L\u00f6sungen erkannt und angegangen werden.<\/p>\n<p>&nbsp;<\/p>\n<p>Der Workshop ist in 2 Blocks zu jeweils 2 Tagen eingeteilt. In allen Teilen sind Methoden zur Selbstanwendung enthalten, was die Unabh\u00e4ngigkeit von Drittpersonen unterst\u00fctzt.<\/p>\n<p>&nbsp;<\/p>\n<p>Im 1. Block besch\u00e4ftigen wir uns mit der Reinigung der Energiek\u00f6rper und den Verbindungen des Gehirns zu ihnen.<\/p>\n<p>Im 2. Block k\u00fcmmern wir uns um aktuelle Reinigungen und um die St\u00e4rkung des Immunsystems.und einer tiefergehenden Kenntnissen des Gehirns.<\/p>\n<p>&nbsp;<\/p>\n","protected":false},"excerpt":{"rendered":"<p>Das heilerische Wissen im Kristall-Herz &nbsp; Lerne Deine St\u00e4rken kennen &nbsp; &nbsp; Der Workshop hilft dabei, verschiedene Energiefl\u00fcsse zu reinigen und die eigene Wissensbibliothek im Kristall-Herz zu finden. Daraus kann ein tiefes Herzwissen \u00fcber Menschen und wie man sie unterst\u00fctzen kann im Alltag einfliessen. &nbsp; Das heilerische Wissen aus deiner&#8230;<\/p>\n<p class=\"continue-reading-button\"> <a class=\"continue-reading-link\" href=\"https:\/\/coach.brandan.ch\/\">Continue reading<i class=\"crycon-right-dir\"><\/i><\/a><\/p>\n","protected":false},"author":1,"featured_media":0,"parent":0,"menu_order":0,"comment_status":"closed","ping_status":"closed","template":"","meta":{"footnotes":""},"class_list":["post-8","page","type-page","status-publish","hentry"],"_links":{"self":[{"href":"https:\/\/coach.brandan.ch\/index.php?rest_route=\/wp\/v2\/pages\/8","targetHints":{"allow":["GET"]}}],"collection":[{"href":"https:\/\/coach.brandan.ch\/index.php?rest_route=\/wp\/v2\/pages"}],"about":[{"href":"https:\/\/coach.brandan.ch\/index.php?rest_route=\/wp\/v2\/types\/page"}],"author":[{"embeddable":true,"href":"https:\/\/coach.brandan.ch\/index.php?rest_route=\/wp\/v2\/users\/1"}],"replies":[{"embeddable":true,"href":"https:\/\/coach.brandan.ch\/index.php?rest_route=%2Fwp%2Fv2%2Fcomments&post=8"}],"version-history":[{"count":49,"href":"https:\/\/coach.brandan.ch\/index.php?rest_route=\/wp\/v2\/pages\/8\/revisions"}],"predecessor-version":[{"id":254,"href":"https:\/\/coach.brandan.ch\/index.php?rest_route=\/wp\/v2\/pages\/8\/revisions\/254"}],"wp:attachment":[{"href":"https:\/\/coach.brandan.ch\/index.php?rest_route=%2Fwp%2Fv2%2Fmedia&parent=8"}],"curies":[{"name":"wp","href":"https:\/\/api.w.org\/{rel}","templated":true}]}}