{"id":65,"date":"2023-08-26T05:31:16","date_gmt":"2023-08-26T05:31:16","guid":{"rendered":"https:\/\/coach.brandan.ch\/?page_id=65"},"modified":"2025-07-01T06:38:32","modified_gmt":"2025-07-01T06:38:32","slug":"nerven","status":"publish","type":"page","link":"https:\/\/coach.brandan.ch\/?page_id=65","title":{"rendered":"Nerven"},"content":{"rendered":"<h2>Nerven<\/h2>\n<p>&nbsp;<\/p>\n<p>\u00dcber die Nerven werden viele Impulse von aussen und innen verarbeitet. Eine \u00dcberlastung kann zu Nervosit\u00e4t, Burn POut, innere Spannung oder vielem mehr f\u00fchren.<\/p>\n<p>&nbsp;<\/p>\n<p>Die Nervenreinigung hilft, die Kapazit\u00e4t der Nerven zu erh\u00f6hen, so dass die innere Ruhe mehr aum erhalten kann.<\/p>\n<p>&nbsp;<\/p>\n","protected":false},"excerpt":{"rendered":"<p>Nerven &nbsp; \u00dcber die Nerven werden viele Impulse von aussen und innen verarbeitet. Eine \u00dcberlastung kann zu Nervosit\u00e4t, Burn POut, innere Spannung oder vielem mehr f\u00fchren. &nbsp; Die Nervenreinigung hilft, die Kapazit\u00e4t der Nerven zu erh\u00f6hen, so dass die innere Ruhe mehr aum erhalten kann. &nbsp;<\/p>\n<p class=\"continue-reading-button\"> <a class=\"continue-reading-link\" href=\"https:\/\/coach.brandan.ch\/?page_id=65\">Continue reading<i class=\"crycon-right-dir\"><\/i><\/a><\/p>\n","protected":false},"author":1,"featured_media":0,"parent":44,"menu_order":0,"comment_status":"closed","ping_status":"closed","template":"templates\/template-twocolumns-left.php","meta":{"footnotes":""},"class_list":["post-65","page","type-page","status-publish","hentry"],"_links":{"self":[{"href":"https:\/\/coach.brandan.ch\/index.php?rest_route=\/wp\/v2\/pages\/65","targetHints":{"allow":["GET"]}}],"collection":[{"href":"https:\/\/coach.brandan.ch\/index.php?rest_route=\/wp\/v2\/pages"}],"about":[{"href":"https:\/\/coach.brandan.ch\/index.php?rest_route=\/wp\/v2\/types\/page"}],"author":[{"embeddable":true,"href":"https:\/\/coach.brandan.ch\/index.php?rest_route=\/wp\/v2\/users\/1"}],"replies":[{"embeddable":true,"href":"https:\/\/coach.brandan.ch\/index.php?rest_route=%2Fwp%2Fv2%2Fcomments&post=65"}],"version-history":[{"count":5,"href":"https:\/\/coach.brandan.ch\/index.php?rest_route=\/wp\/v2\/pages\/65\/revisions"}],"predecessor-version":[{"id":231,"href":"https:\/\/coach.brandan.ch\/index.php?rest_route=\/wp\/v2\/pages\/65\/revisions\/231"}],"up":[{"embeddable":true,"href":"https:\/\/coach.brandan.ch\/index.php?rest_route=\/wp\/v2\/pages\/44"}],"wp:attachment":[{"href":"https:\/\/coach.brandan.ch\/index.php?rest_route=%2Fwp%2Fv2%2Fmedia&parent=65"}],"curies":[{"name":"wp","href":"https:\/\/api.w.org\/{rel}","templated":true}]}}