{"id":63,"date":"2023-08-26T05:30:55","date_gmt":"2023-08-26T05:30:55","guid":{"rendered":"https:\/\/coach.brandan.ch\/?page_id=63"},"modified":"2025-07-01T06:38:45","modified_gmt":"2025-07-01T06:38:45","slug":"knochen","status":"publish","type":"page","link":"https:\/\/coach.brandan.ch\/?page_id=63","title":{"rendered":"Knochen"},"content":{"rendered":"<h2>Knochen<\/h2>\n<p>&nbsp;<\/p>\n<p>In den Knochen sind oft viele nicht imLeben intergrierte Seelenst\u00e4rken gespeichert.<\/p>\n<p>&nbsp;<\/p>\n<p>Mit Hilfe der Ph\u00f6nixe k\u00f6nnen solche Anteile gel\u00f6st werden und Leben intergriert werden. Durch die energetische L\u00f6sung der harten Teile darin, k\u00f6nnen sie Selbstheilungskr\u00e4fte gest\u00e4rkt werden (z.B.bei Br\u00fcchen).<\/p>\n","protected":false},"excerpt":{"rendered":"<p>Knochen &nbsp; In den Knochen sind oft viele nicht imLeben intergrierte Seelenst\u00e4rken gespeichert. &nbsp; Mit Hilfe der Ph\u00f6nixe k\u00f6nnen solche Anteile gel\u00f6st werden und Leben intergriert werden. Durch die energetische L\u00f6sung der harten Teile darin, k\u00f6nnen sie Selbstheilungskr\u00e4fte gest\u00e4rkt werden (z.B.bei Br\u00fcchen).<\/p>\n<p class=\"continue-reading-button\"> <a class=\"continue-reading-link\" href=\"https:\/\/coach.brandan.ch\/?page_id=63\">Continue reading<i class=\"crycon-right-dir\"><\/i><\/a><\/p>\n","protected":false},"author":1,"featured_media":0,"parent":44,"menu_order":0,"comment_status":"closed","ping_status":"closed","template":"templates\/template-twocolumns-left.php","meta":{"footnotes":""},"class_list":["post-63","page","type-page","status-publish","hentry"],"_links":{"self":[{"href":"https:\/\/coach.brandan.ch\/index.php?rest_route=\/wp\/v2\/pages\/63","targetHints":{"allow":["GET"]}}],"collection":[{"href":"https:\/\/coach.brandan.ch\/index.php?rest_route=\/wp\/v2\/pages"}],"about":[{"href":"https:\/\/coach.brandan.ch\/index.php?rest_route=\/wp\/v2\/types\/page"}],"author":[{"embeddable":true,"href":"https:\/\/coach.brandan.ch\/index.php?rest_route=\/wp\/v2\/users\/1"}],"replies":[{"embeddable":true,"href":"https:\/\/coach.brandan.ch\/index.php?rest_route=%2Fwp%2Fv2%2Fcomments&post=63"}],"version-history":[{"count":5,"href":"https:\/\/coach.brandan.ch\/index.php?rest_route=\/wp\/v2\/pages\/63\/revisions"}],"predecessor-version":[{"id":232,"href":"https:\/\/coach.brandan.ch\/index.php?rest_route=\/wp\/v2\/pages\/63\/revisions\/232"}],"up":[{"embeddable":true,"href":"https:\/\/coach.brandan.ch\/index.php?rest_route=\/wp\/v2\/pages\/44"}],"wp:attachment":[{"href":"https:\/\/coach.brandan.ch\/index.php?rest_route=%2Fwp%2Fv2%2Fmedia&parent=63"}],"curies":[{"name":"wp","href":"https:\/\/api.w.org\/{rel}","templated":true}]}}