{"id":61,"date":"2023-08-26T05:30:42","date_gmt":"2023-08-26T05:30:42","guid":{"rendered":"https:\/\/coach.brandan.ch\/?page_id=61"},"modified":"2025-07-01T06:38:56","modified_gmt":"2025-07-01T06:38:56","slug":"muskeln","status":"publish","type":"page","link":"https:\/\/coach.brandan.ch\/?page_id=61","title":{"rendered":"Muskeln"},"content":{"rendered":"<h2>Muskeln<\/h2>\n<p>&nbsp;<\/p>\n<p>Muskeln verbindwn und oft mit demHimmel und der Erde. Sie bilden die Kraft, die uns aufrecht stehen l\u00e4sst.Verletzungen k\u00f6nnen diese Kraft schw\u00e4chen.<\/p>\n<p>&nbsp;<\/p>\n<p>Die Muskelreinigung unterst\u00fctz dabei, Usachen f\u00fcr Schw\u00e4chen zu l\u00f6sen und die Selbstheilungskr\u00e4ft zu st\u00e4rken.<\/p>\n","protected":false},"excerpt":{"rendered":"<p>Muskeln &nbsp; Muskeln verbindwn und oft mit demHimmel und der Erde. Sie bilden die Kraft, die uns aufrecht stehen l\u00e4sst.Verletzungen k\u00f6nnen diese Kraft schw\u00e4chen. &nbsp; Die Muskelreinigung unterst\u00fctz dabei, Usachen f\u00fcr Schw\u00e4chen zu l\u00f6sen und die Selbstheilungskr\u00e4ft zu st\u00e4rken.<\/p>\n<p class=\"continue-reading-button\"> <a class=\"continue-reading-link\" href=\"https:\/\/coach.brandan.ch\/?page_id=61\">Continue reading<i class=\"crycon-right-dir\"><\/i><\/a><\/p>\n","protected":false},"author":1,"featured_media":0,"parent":44,"menu_order":0,"comment_status":"closed","ping_status":"closed","template":"templates\/template-twocolumns-left.php","meta":{"footnotes":""},"class_list":["post-61","page","type-page","status-publish","hentry"],"_links":{"self":[{"href":"https:\/\/coach.brandan.ch\/index.php?rest_route=\/wp\/v2\/pages\/61","targetHints":{"allow":["GET"]}}],"collection":[{"href":"https:\/\/coach.brandan.ch\/index.php?rest_route=\/wp\/v2\/pages"}],"about":[{"href":"https:\/\/coach.brandan.ch\/index.php?rest_route=\/wp\/v2\/types\/page"}],"author":[{"embeddable":true,"href":"https:\/\/coach.brandan.ch\/index.php?rest_route=\/wp\/v2\/users\/1"}],"replies":[{"embeddable":true,"href":"https:\/\/coach.brandan.ch\/index.php?rest_route=%2Fwp%2Fv2%2Fcomments&post=61"}],"version-history":[{"count":5,"href":"https:\/\/coach.brandan.ch\/index.php?rest_route=\/wp\/v2\/pages\/61\/revisions"}],"predecessor-version":[{"id":233,"href":"https:\/\/coach.brandan.ch\/index.php?rest_route=\/wp\/v2\/pages\/61\/revisions\/233"}],"up":[{"embeddable":true,"href":"https:\/\/coach.brandan.ch\/index.php?rest_route=\/wp\/v2\/pages\/44"}],"wp:attachment":[{"href":"https:\/\/coach.brandan.ch\/index.php?rest_route=%2Fwp%2Fv2%2Fmedia&parent=61"}],"curies":[{"name":"wp","href":"https:\/\/api.w.org\/{rel}","templated":true}]}}