{"id":59,"date":"2023-08-26T05:30:22","date_gmt":"2023-08-26T05:30:22","guid":{"rendered":"https:\/\/coach.brandan.ch\/?page_id=59"},"modified":"2025-07-01T06:38:19","modified_gmt":"2025-07-01T06:38:19","slug":"immunsysten","status":"publish","type":"page","link":"https:\/\/coach.brandan.ch\/?page_id=59","title":{"rendered":"Immunsysten"},"content":{"rendered":"<h2>Immunsystem<\/h2>\n<p>&nbsp;<\/p>\n<p>Verschieden Einfl\u00fcsse aus dem Umfeld k\u00f6nnen unser Immunsystem schw\u00e4chen.<\/p>\n<p>&nbsp;<\/p>\n<p>Die energetzische st\u00e4rkung hilft dabei, dass das Immunsystem gest\u00e4rkt wird.<\/p>\n","protected":false},"excerpt":{"rendered":"<p>Immunsystem &nbsp; Verschieden Einfl\u00fcsse aus dem Umfeld k\u00f6nnen unser Immunsystem schw\u00e4chen. &nbsp; Die energetzische st\u00e4rkung hilft dabei, dass das Immunsystem gest\u00e4rkt wird.<\/p>\n<p class=\"continue-reading-button\"> <a class=\"continue-reading-link\" href=\"https:\/\/coach.brandan.ch\/?page_id=59\">Continue reading<i class=\"crycon-right-dir\"><\/i><\/a><\/p>\n","protected":false},"author":1,"featured_media":0,"parent":44,"menu_order":0,"comment_status":"closed","ping_status":"closed","template":"templates\/template-twocolumns-left.php","meta":{"footnotes":""},"class_list":["post-59","page","type-page","status-publish","hentry"],"_links":{"self":[{"href":"https:\/\/coach.brandan.ch\/index.php?rest_route=\/wp\/v2\/pages\/59","targetHints":{"allow":["GET"]}}],"collection":[{"href":"https:\/\/coach.brandan.ch\/index.php?rest_route=\/wp\/v2\/pages"}],"about":[{"href":"https:\/\/coach.brandan.ch\/index.php?rest_route=\/wp\/v2\/types\/page"}],"author":[{"embeddable":true,"href":"https:\/\/coach.brandan.ch\/index.php?rest_route=\/wp\/v2\/users\/1"}],"replies":[{"embeddable":true,"href":"https:\/\/coach.brandan.ch\/index.php?rest_route=%2Fwp%2Fv2%2Fcomments&post=59"}],"version-history":[{"count":4,"href":"https:\/\/coach.brandan.ch\/index.php?rest_route=\/wp\/v2\/pages\/59\/revisions"}],"predecessor-version":[{"id":230,"href":"https:\/\/coach.brandan.ch\/index.php?rest_route=\/wp\/v2\/pages\/59\/revisions\/230"}],"up":[{"embeddable":true,"href":"https:\/\/coach.brandan.ch\/index.php?rest_route=\/wp\/v2\/pages\/44"}],"wp:attachment":[{"href":"https:\/\/coach.brandan.ch\/index.php?rest_route=%2Fwp%2Fv2%2Fmedia&parent=59"}],"curies":[{"name":"wp","href":"https:\/\/api.w.org\/{rel}","templated":true}]}}