{"id":51,"date":"2023-08-26T05:29:02","date_gmt":"2023-08-26T05:29:02","guid":{"rendered":"https:\/\/coach.brandan.ch\/?page_id=51"},"modified":"2023-09-18T04:06:57","modified_gmt":"2023-09-18T04:06:57","slug":"aura","status":"publish","type":"page","link":"https:\/\/coach.brandan.ch\/?page_id=51","title":{"rendered":"Aura"},"content":{"rendered":"<h2><img loading=\"lazy\" decoding=\"async\" class=\"size-medium wp-image-98 alignleft\" src=\"https:\/\/coach.brandan.ch\/wp-content\/uploads\/2023\/08\/bild_aura-185x300.png\" alt=\"\" width=\"185\" height=\"300\" \/>Aura<\/h2>\n<p>&nbsp;<\/p>\n<p>Die Aura ist ein Energiefeld um uns, in dem verschiedene Gef\u00fchle und Reaktionen gespeichert sind. Diese sind nicht immer zu unserem Guten sondern oft von \u00c4ngstesn oder schmerzhafte Erfahrungen gepr\u00e4gt.<\/p>\n<p>&nbsp;<\/p>\n<p>Mit den feinf\u00fchligen H\u00e4nden lassen sich solche Pr\u00e4gungen ersp\u00fcren und l\u00f6sen.<\/p>\n<p>&nbsp;<\/p>\n","protected":false},"excerpt":{"rendered":"<p>Aura &nbsp; Die Aura ist ein Energiefeld um uns, in dem verschiedene Gef\u00fchle und Reaktionen gespeichert sind. Diese sind nicht immer zu unserem Guten sondern oft von \u00c4ngstesn oder schmerzhafte Erfahrungen gepr\u00e4gt. &nbsp; Mit den feinf\u00fchligen H\u00e4nden lassen sich solche Pr\u00e4gungen ersp\u00fcren und l\u00f6sen. &nbsp;<\/p>\n<p class=\"continue-reading-button\"> <a class=\"continue-reading-link\" href=\"https:\/\/coach.brandan.ch\/?page_id=51\">Continue reading<i class=\"crycon-right-dir\"><\/i><\/a><\/p>\n","protected":false},"author":1,"featured_media":0,"parent":44,"menu_order":0,"comment_status":"closed","ping_status":"closed","template":"templates\/template-twocolumns-left.php","meta":{"footnotes":""},"class_list":["post-51","page","type-page","status-publish","hentry"],"_links":{"self":[{"href":"https:\/\/coach.brandan.ch\/index.php?rest_route=\/wp\/v2\/pages\/51","targetHints":{"allow":["GET"]}}],"collection":[{"href":"https:\/\/coach.brandan.ch\/index.php?rest_route=\/wp\/v2\/pages"}],"about":[{"href":"https:\/\/coach.brandan.ch\/index.php?rest_route=\/wp\/v2\/types\/page"}],"author":[{"embeddable":true,"href":"https:\/\/coach.brandan.ch\/index.php?rest_route=\/wp\/v2\/users\/1"}],"replies":[{"embeddable":true,"href":"https:\/\/coach.brandan.ch\/index.php?rest_route=%2Fwp%2Fv2%2Fcomments&post=51"}],"version-history":[{"count":4,"href":"https:\/\/coach.brandan.ch\/index.php?rest_route=\/wp\/v2\/pages\/51\/revisions"}],"predecessor-version":[{"id":99,"href":"https:\/\/coach.brandan.ch\/index.php?rest_route=\/wp\/v2\/pages\/51\/revisions\/99"}],"up":[{"embeddable":true,"href":"https:\/\/coach.brandan.ch\/index.php?rest_route=\/wp\/v2\/pages\/44"}],"wp:attachment":[{"href":"https:\/\/coach.brandan.ch\/index.php?rest_route=%2Fwp%2Fv2%2Fmedia&parent=51"}],"curies":[{"name":"wp","href":"https:\/\/api.w.org\/{rel}","templated":true}]}}