{"id":24,"date":"2023-08-25T16:44:42","date_gmt":"2023-08-25T16:44:42","guid":{"rendered":"https:\/\/coach.brandan.ch\/?page_id=24"},"modified":"2026-03-26T06:28:53","modified_gmt":"2026-03-26T06:28:53","slug":"wirbelsaeule","status":"publish","type":"page","link":"https:\/\/coach.brandan.ch\/?page_id=24","title":{"rendered":"Wirbels\u00e4ule"},"content":{"rendered":"<h2><img loading=\"lazy\" decoding=\"async\" class=\" wp-image-249 alignleft\" src=\"https:\/\/coach.brandan.ch\/wp-content\/uploads\/2026\/03\/flyer_wirbelsaeule-Kopie-300x213.png\" alt=\"\" width=\"242\" height=\"172\" srcset=\"https:\/\/coach.brandan.ch\/wp-content\/uploads\/2026\/03\/flyer_wirbelsaeule-Kopie-300x213.png 300w, https:\/\/coach.brandan.ch\/wp-content\/uploads\/2026\/03\/flyer_wirbelsaeule-Kopie-768x545.png 768w, https:\/\/coach.brandan.ch\/wp-content\/uploads\/2026\/03\/flyer_wirbelsaeule-Kopie-150x106.png 150w, https:\/\/coach.brandan.ch\/wp-content\/uploads\/2026\/03\/flyer_wirbelsaeule-Kopie.png 1024w\" sizes=\"auto, (max-width: 242px) 100vw, 242px\" \/>Die Wirbels\u00e4ule<\/h2>\n<h4><\/h4>\n<p>Die Wirbels\u00e4ule ist ein zentrales Organ, das viele intuitive und unbewusste Funktionen koordiniert und steuert. Blockaden darin k\u00f6nnen auch zu akuten oder chronischen R\u00fcckenschmerzen f\u00fchren.<\/p>\n<p>&nbsp;<\/p>\n<p>Im Seminar lernt und erf\u00e4hrt man den Energiefluss der Wirbels\u00e4ule zu ersp\u00fcren, St\u00f6rungen zu erkennen, benennen und l\u00f6sen und den Energiefluss wieder zu aktivieren.<\/p>\n<p>&nbsp;<\/p>\n<p>&nbsp;<\/p>\n<p>&nbsp;<\/p>\n","protected":false},"excerpt":{"rendered":"<p>Die Wirbels\u00e4ule Die Wirbels\u00e4ule ist ein zentrales Organ, das viele intuitive und unbewusste Funktionen koordiniert und steuert. Blockaden darin k\u00f6nnen auch zu akuten oder chronischen R\u00fcckenschmerzen f\u00fchren. &nbsp; Im Seminar lernt und erf\u00e4hrt man den Energiefluss der Wirbels\u00e4ule zu ersp\u00fcren, St\u00f6rungen zu erkennen, benennen und l\u00f6sen und den Energiefluss wieder&#8230;<\/p>\n<p class=\"continue-reading-button\"> <a class=\"continue-reading-link\" href=\"https:\/\/coach.brandan.ch\/?page_id=24\">Continue reading<i class=\"crycon-right-dir\"><\/i><\/a><\/p>\n","protected":false},"author":1,"featured_media":0,"parent":0,"menu_order":0,"comment_status":"closed","ping_status":"closed","template":"","meta":{"footnotes":""},"class_list":["post-24","page","type-page","status-publish","hentry"],"_links":{"self":[{"href":"https:\/\/coach.brandan.ch\/index.php?rest_route=\/wp\/v2\/pages\/24","targetHints":{"allow":["GET"]}}],"collection":[{"href":"https:\/\/coach.brandan.ch\/index.php?rest_route=\/wp\/v2\/pages"}],"about":[{"href":"https:\/\/coach.brandan.ch\/index.php?rest_route=\/wp\/v2\/types\/page"}],"author":[{"embeddable":true,"href":"https:\/\/coach.brandan.ch\/index.php?rest_route=\/wp\/v2\/users\/1"}],"replies":[{"embeddable":true,"href":"https:\/\/coach.brandan.ch\/index.php?rest_route=%2Fwp%2Fv2%2Fcomments&post=24"}],"version-history":[{"count":14,"href":"https:\/\/coach.brandan.ch\/index.php?rest_route=\/wp\/v2\/pages\/24\/revisions"}],"predecessor-version":[{"id":250,"href":"https:\/\/coach.brandan.ch\/index.php?rest_route=\/wp\/v2\/pages\/24\/revisions\/250"}],"wp:attachment":[{"href":"https:\/\/coach.brandan.ch\/index.php?rest_route=%2Fwp%2Fv2%2Fmedia&parent=24"}],"curies":[{"name":"wp","href":"https:\/\/api.w.org\/{rel}","templated":true}]}}